{"id":39,"date":"2022-11-26T13:18:41","date_gmt":"2022-11-26T12:18:41","guid":{"rendered":"https:\/\/rok.bielsko.pl\/formularz\/?page_id=39"},"modified":"2023-04-13T16:03:07","modified_gmt":"2023-04-13T14:03:07","slug":"oswiadczenie","status":"publish","type":"page","link":"https:\/\/rok.bielsko.pl\/formularz\/oswiadczenie\/","title":{"rendered":"FFGP &#8211; o\u015bwiadczenie laureata"},"content":{"rendered":"\n<figure class=\"wp-block-image aligncenter size-full\"><img loading=\"lazy\" decoding=\"async\" width=\"600\" height=\"203\" src=\"https:\/\/rok.bielsko.pl\/formularz\/wp-content\/uploads\/2022\/12\/rok_logo-1-300x203-1.png\" alt=\"\" class=\"wp-image-64\" srcset=\"https:\/\/rok.bielsko.pl\/formularz\/wp-content\/uploads\/2022\/12\/rok_logo-1-300x203-1.png 600w, https:\/\/rok.bielsko.pl\/formularz\/wp-content\/uploads\/2022\/12\/rok_logo-1-300x203-1-300x102.png 300w\" sizes=\"auto, (max-width: 600px) 100vw, 600px\" \/><\/figure>\n\n\n<div id=\"quform-5b281c\" class=\"quform quform-2 quform-theme-light quform-support-page-caching\"><form id=\"quform-form-5b281c\" class=\"quform-form quform-form-2\" action=\"\/formularz\/wp-json\/wp\/v2\/pages\/39#quform-5b281c\" method=\"post\" enctype=\"multipart\/form-data\" novalidate=\"novalidate\" data-options=\"{&quot;id&quot;:2,&quot;uniqueId&quot;:&quot;5b281c&quot;,&quot;theme&quot;:&quot;light&quot;,&quot;ajax&quot;:true,&quot;logic&quot;:{&quot;logic&quot;:[],&quot;dependents&quot;:[],&quot;elementIds&quot;:[],&quot;dependentElementIds&quot;:[],&quot;animate&quot;:true},&quot;currentPageId&quot;:1,&quot;errorsIcon&quot;:&quot;&quot;,&quot;updateFancybox&quot;:true,&quot;hasPages&quot;:false,&quot;pages&quot;:[1],&quot;pageProgressType&quot;:&quot;numbers&quot;,&quot;tooltipsEnabled&quot;:true,&quot;tooltipClasses&quot;:&quot;qtip-quform-dark qtip-shadow&quot;,&quot;tooltipMy&quot;:&quot;left center&quot;,&quot;tooltipAt&quot;:&quot;right center&quot;,&quot;isRtl&quot;:false,&quot;scrollOffset&quot;:-50,&quot;scrollSpeed&quot;:800}\"><button class=\"quform-default-submit\" name=\"quform_submit\" type=\"submit\" value=\"submit\" aria-hidden=\"true\" tabindex=\"-1\"><\/button><div class=\"quform-form-inner quform-form-inner-2\"><input type=\"hidden\" name=\"quform_form_id\" value=\"2\" \/><input type=\"hidden\" name=\"quform_form_uid\" value=\"5b281c\" \/><input type=\"hidden\" name=\"quform_count\" value=\"1\" \/><input type=\"hidden\" name=\"form_url\" value=\"https:\/\/rok.bielsko.pl\/formularz\/wp-json\/wp\/v2\/pages\/39\" \/><input type=\"hidden\" name=\"referring_url\" value=\"\" \/><input type=\"hidden\" name=\"post_id\" value=\"\" \/><input type=\"hidden\" name=\"post_title\" value=\"\" \/><input type=\"hidden\" name=\"quform_current_page_id\" value=\"1\" \/><input type=\"hidden\" name=\"quform_loaded\" value=\"1777685559|ab4640cd2b133bbb2cbd93edb1764335\" \/><input type=\"hidden\" name=\"quform_csrf_token\" value=\"Dw7PZrbgarWh9XsMTOzcpSTJoxuU7NQWQyWgwBpo\" \/><div class=\"quform-elements quform-elements-2 quform-cf quform-responsive-elements-phone-landscape\"><div class=\"quform-element quform-element-page quform-page-1 quform-page-2_1 quform-cf quform-group-style-plain quform-first-page quform-last-page quform-current-page\"><div class=\"quform-child-elements\"><div class=\"quform-element quform-element-html quform-element-2_4 quform-cf\"><div class=\"quform-spacer\"><h4 style=\"text-align: center;\">O\u015aWIADCZENIE LAUREATA<\/h4><\/div><\/div><div class=\"quform-element quform-element-text quform-element-2_5 quform-cf quform-element-required\"><div class=\"quform-spacer\"><div class=\"quform-label quform-label-2_5\"><label class=\"quform-label-text\" for=\"quform_2_5_5b281c\">Imi\u0119 i nazwisko laureata (nazwa grupy):<span class=\"quform-required\">*<\/span><\/label><\/div><div class=\"quform-inner quform-inner-text quform-inner-2_5 quform-field-size-medium\"><div class=\"quform-input quform-input-text quform-input-2_5 quform-cf\"><input type=\"text\" id=\"quform_2_5_5b281c\" name=\"quform_2_5\" class=\"quform-field quform-field-text quform-field-2_5\" \/><\/div><\/div><\/div><\/div><div class=\"quform-element quform-element-text quform-element-2_15 quform-cf quform-element-required\"><div class=\"quform-spacer\"><div class=\"quform-label quform-label-2_15\"><label class=\"quform-label-text\" for=\"quform_2_15_5b281c\">Numer rachunku bankowego:<span class=\"quform-required\">*<\/span><\/label><\/div><div class=\"quform-inner quform-inner-text quform-inner-2_15 quform-field-size-medium\"><div class=\"quform-input quform-input-text quform-input-2_15 quform-cf\"><input type=\"text\" id=\"quform_2_15_5b281c\" name=\"quform_2_15\" class=\"quform-field quform-field-text quform-field-2_15\" \/><\/div><\/div><\/div><\/div><div class=\"quform-element quform-element-text quform-element-2_16 quform-cf quform-element-required\"><div class=\"quform-spacer\"><div class=\"quform-label quform-label-2_16\"><label class=\"quform-label-text\" for=\"quform_2_16_5b281c\">Imi\u0119 i nazwisko posiadacza konta:<span class=\"quform-required\">*<\/span><\/label><\/div><div class=\"quform-inner quform-inner-text quform-inner-2_16 quform-field-size-medium\"><div class=\"quform-input quform-input-text quform-input-2_16 quform-cf\"><input type=\"text\" id=\"quform_2_16_5b281c\" name=\"quform_2_16\" class=\"quform-field quform-field-text quform-field-2_16\" \/><\/div><\/div><\/div><\/div><div class=\"quform-element quform-element-textarea quform-element-2_851706 quform-sr-only quform-cf\" style=\"clip: rect(1px, 1px, 1px, 1px); clip-path: inset(50%); position: absolute !important; height: 1px; width: 1px; overflow: hidden;\"><div class=\"quform-spacer\"><div class=\"quform-label quform-label-2_851706\"><label class=\"quform-label-text\" for=\"quform_2_851706_5b281c\">Phone Number<span class=\"quform-required\">*<\/span><\/label><\/div><div class=\"quform-inner quform-inner-2_851706\"><textarea id=\"quform_2_851706_5b281c\" name=\"quform_2_851706\" class=\"quform-field quform-field-textarea quform-field-2_851706\" tabindex=\"-1\" autocomplete=\"new-password\"><\/textarea><\/div><\/div><\/div><div class=\"quform-element quform-element-text quform-element-2_57 quform-cf quform-element-required\"><div class=\"quform-spacer\"><div class=\"quform-label quform-label-2_57\"><label class=\"quform-label-text\" for=\"quform_2_57_5b281c\">Adres zamieszkania posiadacza konta:<span class=\"quform-required\">*<\/span><\/label><\/div><div class=\"quform-inner quform-inner-text quform-inner-2_57 quform-field-size-medium\"><div class=\"quform-input quform-input-text quform-input-2_57 quform-cf\"><input type=\"text\" id=\"quform_2_57_5b281c\" name=\"quform_2_57\" class=\"quform-field quform-field-text quform-field-2_57\" \/><\/div><\/div><\/div><\/div><div class=\"quform-element quform-element-html quform-element-2_51 quform-cf\"><div class=\"quform-spacer\">Ja, ni\u017cej podpisana\/y, jako laureat 57. Festiwalu Folkloru G\u00f3rali Polskich w \u017bywcu, wnosz\u0119 o wyp\u0142at\u0119 nagrody na wskazany rachunek bankowy.\n<br \/>\n<br \/>W przypadku, gdy posiadaczem rachunku bankowego jest inna osoba ni\u017c laureat \u2013 wnosz\u0119 o przekazanie nagrody pieni\u0119\u017cnej na wskazany rachunek bankowy oraz o\u015bwiadczam, \u017ce posiadacz rachunku wyrazi\u0142 zgod\u0119 na przekazanie nagrody pieni\u0119\u017cnej na jego rachunek bankowy.\n<\/div><\/div><div class=\"quform-element quform-element-group quform-element-2_45 quform-cf quform-group-style-plain\"><div class=\"quform-spacer\"><div class=\"quform-child-elements\"><div class=\"quform-element quform-element-row quform-element-row-2_46 quform-2-columns quform-element-row-size-fixed quform-responsive-columns-phone-landscape\"><div class=\"quform-element quform-element-column quform-element-2_47\"><div class=\"quform-element quform-element-text quform-element-2_49 quform-cf quform-element-required\"><div class=\"quform-spacer\"><div class=\"quform-label quform-label-2_49\"><label class=\"quform-label-text\" for=\"quform_2_49_5b281c\">Miejscowo\u015b\u0107, data:<span class=\"quform-required\">*<\/span><\/label><\/div><div class=\"quform-inner quform-inner-text quform-inner-2_49 quform-field-size-medium\"><div class=\"quform-input quform-input-text quform-input-2_49 quform-cf\"><input type=\"text\" id=\"quform_2_49_5b281c\" name=\"quform_2_49\" class=\"quform-field quform-field-text quform-field-2_49\" \/><\/div><\/div><\/div><\/div><\/div><div class=\"quform-element quform-element-column quform-element-2_48\"><div class=\"quform-element quform-element-text quform-element-2_50 quform-cf quform-element-required\"><div class=\"quform-spacer\"><div class=\"quform-label quform-label-2_50\"><label class=\"quform-label-text\" for=\"quform_2_50_5b281c\">Imi\u0119 i nazwisko laureata konkursu:<span class=\"quform-required\">*<\/span><\/label><\/div><div class=\"quform-inner quform-inner-text quform-inner-2_50 quform-field-size-medium\"><div class=\"quform-input quform-input-text quform-input-2_50 quform-cf\"><input type=\"text\" id=\"quform_2_50_5b281c\" name=\"quform_2_50\" class=\"quform-field quform-field-text quform-field-2_50\" \/><\/div><\/div><\/div><\/div><\/div><\/div><\/div><\/div><\/div><div class=\"quform-element quform-element-html quform-element-2_58 quform-cf\"><div class=\"quform-spacer\"><strong>Klauzula informacyjna dla laureata, kt\u00f3ry jest r\u00f3wnie\u017c w\u0142a\u015bcicielem konta bankowego:<\/strong>\n\nZgodnie z art. 13 ust. 1 i 2 og\u00f3lnego Rozporz\u0105dzenia Parlamentu Europejskiego i Rady (UE) 2016\/679 w sprawie ochrony os\u00f3b fizycznych w zwi\u0105zku\u00a0 z przetwarzaniem danych osobowych i w sprawie swobodnego przep\u0142ywu takich danych oraz uchylenia dyrektywy 95\/46\/WE z dnia 27 kwietnia 2016 r. zwanego dalej RODO informuje, i\u017c:\n<ol>\n \t<li>Administratorem Pani\/Pana danych osobowych jest Regionalny O\u015brodek Kultury z siedzib\u0105 w Bielsku-Bia\u0142ej przy ul. 1 Maja 8, 43-300 Bielsko-Bia\u0142a. Kontakt z Administratorem:\ntel. +48-33-822-05-93; email: <u><a href=\"mailto:rok@rok.bielsko.pl\">rok@rok.bielsko.pl<\/a><\/u> lub poczt\u0105 tradycyjn\u0105: Regionalny O\u015brodek Kultury z siedzib\u0105 w Bielsku-Bia\u0142ej przy ul. 1 Maja 8, 43-300 Bielsko-Bia\u0142a.<\/li>\n<\/ol>\n<ol start=\"4\">\n \t<li>W sprawach zwi\u0105zanych z przetwarzaniem danych osobowych mo\u017cna skontaktowa\u0107 si\u0119 poprzez e-mail: <a href=\"mailto:iod@rok.bielsko.pl\">iod@rok.bielsko.pl<\/a> lub listownie na adres korespondencyjny Administratora z dopiskiem \u201edla IOD\u201d.<\/li>\n \t<li>Dane osobowe pobierane w uzupe\u0142niaj\u0105cym formularzu dotycz\u0105 wy\u0142\u0105cznie os\u00f3b, kt\u00f3re s\u0105 laureatami przeprowadzonego konkursu i s\u0105 pobierane wy\u0142\u0105cznie w zakresie umo\u017cliwiaj\u0105cym wyp\u0142at\u0119 nagrody pieni\u0119\u017cnej. Przetwarzane Pa\u0144stwa dane osobowe s\u0105 na podstawie wyra\u017conej zgody (art. 6 ust 1 lit a RODO). Podanie danych jest dobrowolne, jednak ich nie podanie mo\u017ce skutkowa\u0107 brakiem mo\u017cliwo\u015bci wyp\u0142aty nagrody pieni\u0119\u017cnej.\nDane b\u0119d\u0105 przechowywane przez Administratora (art. 6 ust. 1 lit. c RODO) przez okres niezb\u0119dny do realizacji wy\u017cej okre\u015blonych cel\u00f3w oraz obowi\u0105zk\u00f3w wynikaj\u0105cych z poszczeg\u00f3lnych przepis\u00f3w prawa. W przypadku przetwarzania danych na podstawie wyra\u017conej zgody do czasu jej wycofania lub z chwil\u0105 jej wycofania dalej archiwizowanie przez okres niezb\u0119dny w celu ewentualnego dochodzenia praw i roszcze\u0144.<\/li>\n \t<li>Odbiorcami danych osobowych laureata konkursu mog\u0105 by\u0107 podmioty, kt\u00f3re \u015bwiadcz\u0105 us\u0142ugi w imieniu i na rzecz Administratora w zwi\u0105zku z zawart\u0105 umow\u0105 powierzenia przetwarzania danych (np. w zakresie obs\u0142ugi IT) lub inne dzia\u0142aj\u0105ce na odr\u0119bnych przepisach prawa jak organy kontrolne, nadzorcze czy<\/li>\n \t<li>Osobie, kt\u00f3rej dane dotycz\u0105, przys\u0142uguje prawo dost\u0119pu do swoich danych osobowych oraz do \u017c\u0105dania ich uzupe\u0142nienia, uaktualnienia i sprostowania, czasowego lub sta\u0142ego wstrzymania przetwarzania lub ich usuni\u0119cia, je\u017celi s\u0105 one niekompletne, nieaktualne, nieprawdziwe, zosta\u0142y zebrane z naruszeniem przepis\u00f3w prawa. W przypadku, gdy przetwarzanie odbywa si\u0119 na podstawie wyra\u017conej zgody, osobie, kt\u00f3ra j\u0105 wyrazi\u0142a przys\u0142uguje prawo do wycofanie zgody bez wp\u0142ywu na zgodno\u015b\u0107 przetwarzania z prawem, kt\u00f3rego dokonano na podstawie zgody przed jej wycofaniem. Prawa te mog\u0105 w szczeg\u00f3lnych przypadkach podlega\u0107 ograniczeniom wynikaj\u0105cym z odr\u0119bnych przepis\u00f3w.<\/li>\n \t<li>W celu skorzystania ze swoich praw, w tym mo\u017cliwo\u015bci wycofania zgody w przypadku przetwarzania danych na jej podstawie, mog\u0105 si\u0119 Pa\u0144stwo skontaktowa\u0107 poprzez e-mail <u><a href=\"mailto:rok@rok.bielsko.pl\">rok@rok.bielsko.pl<\/a><\/u> lub telefonicznie: +48-33-822-05-93.<\/li>\n \t<li>Osobie, kt\u00f3rej dane dotycz\u0105 przys\u0142uguje r\u00f3wnie\u017c prawo wniesienia skargi do Prezesa Urz\u0119du Ochrony Danych Osobowych na niezgodne z prawem przetwarzanie jej danych osobowych.<\/li>\n \t<li>Dane osobowe uczestnik\u00f3w<em> nie b\u0119d\u0105 podlega\u0142y profilowaniu i nie b\u0119d\u0105 przekazywane do pa\u0144stwa trzeciego lub organizacji mi\u0119dzynarodowej.<\/em><\/li>\n<\/ol>\n<strong>Klauzula informacyjna dla w\u0142a\u015bciciela konta bankowego, kt\u00f3ra nie jest laureatem konkursu:<\/strong>\n\nZgodnie z art. 14 og\u00f3lnego Rozporz\u0105dzenia Parlamentu Europejskiego i Rady (UE) 2016\/679 w sprawie ochrony os\u00f3b fizycznych w zwi\u0105zku\u00a0 z przetwarzaniem danych osobowych i w sprawie swobodnego przep\u0142ywu takich danych oraz uchylenia dyrektywy 95\/46\/WE z dnia 27 kwietnia 2016 r. zwanego dalej RODO informuje, i\u017c:\n<ol>\n \t<li>Administratorem Pani\/Pana danych osobowych jest Regionalny O\u015brodek Kultury z siedzib\u0105 w Bielsku-Bia\u0142ej przy ul. 1 Maja 8, 43-300 Bielsko-Bia\u0142a. Kontakt z Administratorem:\ntel. +48-33-822-05-93; email: <u><a href=\"mailto:rok@rok.bielsko.pl\">rok@rok.bielsko.pl<\/a><\/u> lub poczt\u0105 tradycyjn\u0105: Regionalny O\u015brodek Kultury z siedzib\u0105 w Bielsku-Bia\u0142ej przy ul. 1 Maja 8, 43-300 Bielsko-Bia\u0142a.<\/li>\n<\/ol>\n<ol start=\"2\">\n \t<li>Administrator danych powo\u0142a\u0142 Inspektora ochrony danych, z kt\u00f3rym mo\u017cna skontaktowa\u0107 si\u0119 poprzez e-mail: <a href=\"mailto:iod@rok.bielsko.pl\">iod@rok.bielsko.pl<\/a> lub listownie na adres korespondencyjny Administratora z dopiskiem \u201edla IOD\u201d.<\/li>\n \t<li>Administrator danych pozyska\u0142 dane osobowe od innej osoby (laureata konkursu), kt\u00f3ra przekaza\u0142a je za zgod\u0105 tej osoby\nw celu przekazania na jej rzecz danych osobowych, w tym numeru konta bankowego, do wyp\u0142aty nagrody pieni\u0119\u017cnej nale\u017cnej laureatowi konkursu. Przetwarzanie Pa\u0144stwa danych osobowych odbywa si\u0119 na podstawie wyra\u017conej zgody (art. 6 ust 1 lit a RODO). Podanie danych jest dobrowolne, jednak ich niepodanie mo\u017ce skutkowa\u0107 brakiem mo\u017cliwo\u015bci wyp\u0142aty nagrody pieni\u0119\u017cnej.<\/li>\n \t<li>Dane b\u0119d\u0105 przechowywane przez Administratora (art. 6 ust. 1 lit. c RODO) przez okres niezb\u0119dny do realizacji wy\u017cej okre\u015blonych cel\u00f3w oraz obowi\u0105zk\u00f3w wynikaj\u0105cych z poszczeg\u00f3lnych przepis\u00f3w prawa. W przypadku przetwarzania danych na podstawie wyra\u017conej zgody do czasu jej wycofania lub z chwil\u0105 jej wycofania, dalej archiwizowane przez okres niezb\u0119dny w celu ewentualnego dochodzenia praw i roszcze\u0144.<\/li>\n \t<li>Odbiorcami danych osobowych Pani\/Pana mog\u0105 by\u0107 podmioty, kt\u00f3re \u015bwiadcz\u0105 us\u0142ugi w imieniu i na rzecz Administratora w zwi\u0105zku z zawart\u0105 umow\u0105 powierzenia przetwarzania danych (np. w zakresie obs\u0142ugi IT) lub inne dzia\u0142aj\u0105ce na odr\u0119bnych przepisach prawa, jak organy kontrolne, nadzorcze czy audytowe.<\/li>\n \t<li>Pani\/Panu przys\u0142uguje prawo dost\u0119pu do swoich danych osobowych oraz do \u017c\u0105dania ich uzupe\u0142nienia, uaktualnienia i sprostowania, czasowego lub sta\u0142ego wstrzymania przetwarzania lub ich usuni\u0119cia, je\u017celi s\u0105 one niekompletne, nieaktualne, nieprawdziwe, zosta\u0142y zebrane z naruszeniem przepis\u00f3w prawa. W przypadku, gdy przetwarzanie odbywa si\u0119 na podstawie wyra\u017conej zgody, osobie, kt\u00f3ra j\u0105 wyrazi\u0142a przys\u0142uguje prawo do wycofania zgody, bez wp\u0142ywu na zgodno\u015b\u0107 przetwarzania z prawem, kt\u00f3rego dokonano na podstawie zgody przed jej wycofaniem. Prawa te mog\u0105 w szczeg\u00f3lnych przypadkach podlega\u0107 ograniczeniom wynikaj\u0105cym z odr\u0119bnych przepis\u00f3w.<\/li>\n \t<li>W celu skorzystania ze swoich praw, w tym mo\u017cliwo\u015bci wycofania zgody w przypadku przetwarzania danych, na jej podstawie mog\u0105 si\u0119 Pa\u0144stwo skontaktowa\u0107 poprzez e-mail <u><a href=\"mailto:rok@rok.bielsko.pl\">rok@rok.bielsko.pl<\/a><\/u> lub telefonicznie: +48-33-822-05-93.<\/li>\n \t<li>Osobie, kt\u00f3rej dane dotycz\u0105, przys\u0142uguje r\u00f3wnie\u017c prawo wniesienia skargi do Prezesa Urz\u0119du Ochrony Danych Osobowych na niezgodne z prawem przetwarzanie jej danych osobowych.<\/li>\n \t<li>Dane osobowe uczestnik\u00f3w<em> nie b\u0119d\u0105 podlega\u0142y profilowaniu i nie b\u0119d\u0105 przekazywane do pa\u0144stwa trzeciego lub organizacji mi\u0119dzynarodowej.<\/em><\/li>\n<\/ol><\/div><\/div><div class=\"quform-element quform-element-text quform-element-2_56 quform-cf quform-element-required\"><div class=\"quform-spacer\"><div class=\"quform-label quform-label-2_56\"><label class=\"quform-label-text\" for=\"quform_2_56_5b281c\">Wpisz adres e-mail, na kt\u00f3ry mamy wys\u0142a\u0107 kopi\u0119 o\u015bwiadczenia:<span class=\"quform-required\">*<\/span><\/label><\/div><div class=\"quform-inner quform-inner-text quform-inner-2_56 quform-field-size-medium\"><div class=\"quform-input quform-input-text quform-input-2_56 quform-cf\"><input type=\"text\" id=\"quform_2_56_5b281c\" name=\"quform_2_56\" class=\"quform-field quform-field-text quform-field-2_56\" \/><\/div><\/div><\/div><\/div><div class=\"quform-element quform-element-recaptcha quform-element-2_52 quform-cf quform-element-required\"><div class=\"quform-spacer\"><div class=\"quform-label quform-label-2_52\"><label class=\"quform-label-text\">Czy jeste\u015b cz\u0142owiekiem?<span class=\"quform-required\">*<\/span><\/label><\/div><div class=\"quform-inner quform-inner-recaptcha quform-inner-2_52 quform-field-size-medium\"><div class=\"quform-input quform-input-recaptcha quform-input-2_52 quform-cf\"><div class=\"quform-recaptcha\" data-config=\"{&quot;sitekey&quot;:&quot;6Le7GTQjAAAAAK__gkUoTVPXXxRxaQIZf6_r-nlL&quot;,&quot;_version&quot;:&quot;v2&quot;,&quot;size&quot;:&quot;normal&quot;,&quot;type&quot;:&quot;image&quot;,&quot;theme&quot;:&quot;light&quot;,&quot;badge&quot;:&quot;bottomright&quot;}\"><\/div><noscript><div><div style=\"width: 302px; height: 422px; position: relative;\"><div style=\"width: 302px; height: 422px; position: absolute;\"><iframe src=\"https:\/\/www.google.com\/recaptcha\/api\/fallback?k=6Le7GTQjAAAAAK__gkUoTVPXXxRxaQIZf6_r-nlL\" frameborder=\"0\" scrolling=\"no\" style=\"width: 302px; height:422px; border-style: none;\"><\/iframe><\/div><\/div><div style=\"width: 300px; height: 60px; border-style: none; bottom: 12px; left: 25px; margin: 0px; padding: 0px; right: 25px; background: #f9f9f9; border: 1px solid #c1c1c1; border-radius: 3px;\"><textarea name=\"g-recaptcha-response\" class=\"g-recaptcha-response\" style=\"width: 250px; height: 40px; border: 1px solid #c1c1c1; margin: 10px 25px; padding: 0px; resize: none;\" aria-hidden=\"true\"><\/textarea><\/div><\/div><\/noscript><\/div><\/div><\/div><\/div><div class=\"quform-element quform-element-submit quform-element-2_2 quform-cf quform-button-style-classic quform-button-size-huge quform-button-width-full\"><div class=\"quform-button-submit quform-button-submit-default quform-button-submit-2_2\"><button name=\"quform_submit\" type=\"submit\" class=\"quform-submit\" value=\"submit\"><span class=\"quform-button-text quform-button-submit-text\">Wy\u015blij<\/span><\/button><\/div><div class=\"quform-loading quform-loading-position-left quform-loading-type-spinner-1\"><div class=\"quform-loading-inner\"><div class=\"quform-loading-spinner\"><div class=\"quform-loading-spinner-inner\"><\/div><\/div><\/div><\/div><\/div><\/div><\/div><\/div><\/div><\/form><\/div>\n","protected":false},"excerpt":{"rendered":"","protected":false},"author":1,"featured_media":0,"parent":0,"menu_order":0,"comment_status":"closed","ping_status":"closed","template":"","meta":{"footnotes":""},"class_list":["post-39","page","type-page","status-publish","hentry"],"_links":{"self":[{"href":"https:\/\/rok.bielsko.pl\/formularz\/wp-json\/wp\/v2\/pages\/39","targetHints":{"allow":["GET"]}}],"collection":[{"href":"https:\/\/rok.bielsko.pl\/formularz\/wp-json\/wp\/v2\/pages"}],"about":[{"href":"https:\/\/rok.bielsko.pl\/formularz\/wp-json\/wp\/v2\/types\/page"}],"author":[{"embeddable":true,"href":"https:\/\/rok.bielsko.pl\/formularz\/wp-json\/wp\/v2\/users\/1"}],"replies":[{"embeddable":true,"href":"https:\/\/rok.bielsko.pl\/formularz\/wp-json\/wp\/v2\/comments?post=39"}],"version-history":[{"count":2,"href":"https:\/\/rok.bielsko.pl\/formularz\/wp-json\/wp\/v2\/pages\/39\/revisions"}],"predecessor-version":[{"id":94,"href":"https:\/\/rok.bielsko.pl\/formularz\/wp-json\/wp\/v2\/pages\/39\/revisions\/94"}],"wp:attachment":[{"href":"https:\/\/rok.bielsko.pl\/formularz\/wp-json\/wp\/v2\/media?parent=39"}],"curies":[{"name":"wp","href":"https:\/\/api.w.org\/{rel}","templated":true}]}}